{"id":24,"date":"2025-11-04T12:01:49","date_gmt":"2025-11-04T12:01:49","guid":{"rendered":"https:\/\/ce.aesjp-centrosescolares.pt\/wp\/home\/"},"modified":"2025-11-04T12:01:49","modified_gmt":"2025-11-04T12:01:49","slug":"home","status":"publish","type":"page","link":"https:\/\/ce.aesjp-centrosescolares.pt\/wp\/home\/","title":{"rendered":"Home"},"content":{"rendered":"\n\n\n\n<h2>Nossos Servi\u00e7os<\/h2>\n\n\n\n\nAcesse dados detalhados sobre institui\u00e7\u00f5es de ensino em S\u00e3o Jo\u00e3o da Pesqueira, incluindo suas localiza\u00e7\u00f5es, programas e atividades escolares.\n\n\nOferecemos guias e materiais educativos para ajudar os pais a apoiar o aprendizado de seus filhos.\n\n\nFique por dentro dos eventos educacionais e atividades extracurriculares que promovem o envolvimento da comunidade.\n\n\nNossos especialistas oferecem consultoria para ajudar a escolher a melhor institui\u00e7\u00e3o de ensino para seus filhos.\n\n\n\n\n\n&#8220;A AESJP me ajudou a encontrar a escola perfeita para meu filho!&#8221;\n\n\n\n<h2>Nossa Miss\u00e3o<\/h2>\n<h2>A AESJP busca promover a educa\u00e7\u00e3o de qualidade e o desenvolvimento integral das crian\u00e7as em nossa comunidade.<\/h2>\nFortalecer o compromisso com educa\u00e7\u00e3o de qualidade em S\u00e3o Jo\u00e3o da Pesqueira.\nOferecer suporte e recursos para pais e educadores na educa\u00e7\u00e3o infantil.\nPromover um ambiente de aprendizado acolhedor e inclusivo.\n\n\n\n\n<h2>Participe<\/h2>\n<h2>Junte-se \u00e0 nossa miss\u00e3o de fortalecer a educa\u00e7\u00e3o em nossa comunidade.<\/h2>\n\n\n\n\n\n\n\n\n<h2>O que nossos usu\u00e1rios dizem<\/h2>\n\n\n\n\n<span style=\"color:#444444\">&#8220;A AESJP me ajudou a encontrar a escola perfeita para meu filho!&#8221;<\/span>\n\n\n<span style=\"color:#444444\">&#8220;Recursos incr\u00edveis para pais. Senti que estava bem informado!&#8221;<\/span>\n\n\n\n\n<h2>Nossas Estat\u00edsticas<\/h2>\n\n<h2>Fatos e n\u00fameros que ilustram nosso impacto na educa\u00e7\u00e3o.<\/h2>\n\n\n\n\n\n\n\n\n\n\n\n\n\n\n\n\n\n\n\n\n\n\n\n\n\n\n\n\n\n\n\n\n\n\n","protected":false},"excerpt":{"rendered":"","protected":false},"author":1,"featured_media":0,"parent":0,"menu_order":0,"comment_status":"closed","ping_status":"closed","template":"","meta":{"pagelayer_contact_templates":[],"_pagelayer_content":"","footnotes":""},"class_list":["post-24","page","type-page","status-publish","hentry"],"_links":{"self":[{"href":"https:\/\/ce.aesjp-centrosescolares.pt\/wp\/wp-json\/wp\/v2\/pages\/24","targetHints":{"allow":["GET"]}}],"collection":[{"href":"https:\/\/ce.aesjp-centrosescolares.pt\/wp\/wp-json\/wp\/v2\/pages"}],"about":[{"href":"https:\/\/ce.aesjp-centrosescolares.pt\/wp\/wp-json\/wp\/v2\/types\/page"}],"author":[{"embeddable":true,"href":"https:\/\/ce.aesjp-centrosescolares.pt\/wp\/wp-json\/wp\/v2\/users\/1"}],"replies":[{"embeddable":true,"href":"https:\/\/ce.aesjp-centrosescolares.pt\/wp\/wp-json\/wp\/v2\/comments?post=24"}],"version-history":[{"count":1,"href":"https:\/\/ce.aesjp-centrosescolares.pt\/wp\/wp-json\/wp\/v2\/pages\/24\/revisions"}],"predecessor-version":[{"id":29,"href":"https:\/\/ce.aesjp-centrosescolares.pt\/wp\/wp-json\/wp\/v2\/pages\/24\/revisions\/29"}],"wp:attachment":[{"href":"https:\/\/ce.aesjp-centrosescolares.pt\/wp\/wp-json\/wp\/v2\/media?parent=24"}],"curies":[{"name":"wp","href":"https:\/\/api.w.org\/{rel}","templated":true}]}}